{"id":3556,"date":"2022-02-24T04:32:38","date_gmt":"2022-02-24T04:32:38","guid":{"rendered":"https:\/\/circular-food-solutions.com\/kreislaufansatz\/"},"modified":"2026-02-09T15:05:02","modified_gmt":"2026-02-09T15:05:02","slug":"kreislaufansatz","status":"publish","type":"page","link":"https:\/\/circular-food-solutions.com\/de\/kreislaufansatz\/","title":{"rendered":"Kreislaufansatz"},"content":{"rendered":"\t\t<div data-elementor-type=\"wp-page\" data-elementor-id=\"3556\" class=\"elementor elementor-3556 elementor-1482\" data-elementor-post-type=\"page\">\n\t\t\t\t\t\t<div class=\"elementor-inner\">\n\t\t\t\t<div class=\"elementor-section-wrap\">\n\t\t\t\t\t\t\t\t\t<section class=\"elementor-section elementor-top-section elementor-element elementor-element-b144e93 elementor-section-height-min-height elementor-section-boxed elementor-section-height-default elementor-section-items-middle\" data-id=\"b144e93\" data-element_type=\"section\" data-settings=\"{&quot;background_background&quot;:&quot;classic&quot;}\">\n\t\t\t\t\t\t\t<div class=\"elementor-background-overlay\"><\/div>\n\t\t\t\t\t\t\t<div class=\"elementor-container elementor-column-gap-default\">\n\t\t\t\t\t\t\t<div class=\"elementor-row\">\n\t\t\t\t\t<div class=\"elementor-column elementor-col-25 elementor-top-column elementor-element elementor-element-ac2e4cb\" data-id=\"ac2e4cb\" data-element_type=\"column\">\n\t\t\t<div class=\"elementor-column-wrap\">\n\t\t\t\t\t\t\t<div class=\"elementor-widget-wrap\">\n\t\t\t\t\t\t\t\t<\/div>\n\t\t\t\t\t<\/div>\n\t\t<\/div>\n\t\t\t\t<div class=\"elementor-column elementor-col-50 elementor-top-column elementor-element elementor-element-9a48e50\" data-id=\"9a48e50\" data-element_type=\"column\">\n\t\t\t<div class=\"elementor-column-wrap elementor-element-populated\">\n\t\t\t\t\t\t\t<div class=\"elementor-widget-wrap\">\n\t\t\t\t\t\t<div class=\"elementor-element elementor-element-4d8ecef elementor-icon-list--layout-inline elementor-align-center elementor-list-item-link-full_width elementor-widget elementor-widget-icon-list\" data-id=\"4d8ecef\" data-element_type=\"widget\" data-widget_type=\"icon-list.default\">\n\t\t\t\t<div class=\"elementor-widget-container\">\n\t\t\t\t\t<ul class=\"elementor-icon-list-items elementor-inline-items\">\n\t\t\t\t\t\t\t<li class=\"elementor-icon-list-item elementor-inline-item\">\n\t\t\t\t\t\t\t\t\t\t<span class=\"elementor-icon-list-text\">Kreislaufansatz<\/span>\n\t\t\t\t\t\t\t\t\t<\/li>\n\t\t\t\t\t\t<\/ul>\n\t\t\t\t<\/div>\n\t\t\t\t<\/div>\n\t\t\t\t<div class=\"elementor-element elementor-element-22f8a9e elementor-widget elementor-widget-heading\" data-id=\"22f8a9e\" data-element_type=\"widget\" data-widget_type=\"heading.default\">\n\t\t\t\t<div class=\"elementor-widget-container\">\n\t\t\t<h2 class=\"elementor-heading-title elementor-size-default\">Sichern Sie sich Ihren Anteil am Markt f\u00fcr plant-based Proteine<\/h2>\t\t<\/div>\n\t\t\t\t<\/div>\n\t\t\t\t\t\t<\/div>\n\t\t\t\t\t<\/div>\n\t\t<\/div>\n\t\t\t\t<div class=\"elementor-column elementor-col-25 elementor-top-column elementor-element elementor-element-9a83e00\" data-id=\"9a83e00\" data-element_type=\"column\">\n\t\t\t<div class=\"elementor-column-wrap\">\n\t\t\t\t\t\t\t<div class=\"elementor-widget-wrap\">\n\t\t\t\t\t\t\t\t<\/div>\n\t\t\t\t\t<\/div>\n\t\t<\/div>\n\t\t\t\t\t\t\t\t<\/div>\n\t\t\t\t\t<\/div>\n\t\t<\/section>\n\t\t\t\t<section class=\"elementor-section elementor-top-section elementor-element elementor-element-08aa2e9 elementor-section-boxed elementor-section-height-default elementor-section-height-default\" data-id=\"08aa2e9\" data-element_type=\"section\">\n\t\t\t\t\t\t<div class=\"elementor-container elementor-column-gap-default\">\n\t\t\t\t\t\t\t<div class=\"elementor-row\">\n\t\t\t\t\t<div class=\"elementor-column elementor-col-100 elementor-top-column elementor-element elementor-element-69b3e57\" data-id=\"69b3e57\" data-element_type=\"column\">\n\t\t\t<div class=\"elementor-column-wrap elementor-element-populated\">\n\t\t\t\t\t\t\t<div class=\"elementor-widget-wrap\">\n\t\t\t\t\t\t<section class=\"elementor-section elementor-inner-section elementor-element elementor-element-bb9dd7b elementor-section-height-min-height elementor-section-boxed elementor-section-height-default\" data-id=\"bb9dd7b\" data-element_type=\"section\" data-settings=\"{&quot;background_background&quot;:&quot;classic&quot;}\">\n\t\t\t\t\t\t<div class=\"elementor-container elementor-column-gap-default\">\n\t\t\t\t\t\t\t<div class=\"elementor-row\">\n\t\t\t\t\t<div class=\"elementor-column elementor-col-33 elementor-inner-column elementor-element elementor-element-cc844e3\" data-id=\"cc844e3\" data-element_type=\"column\">\n\t\t\t<div class=\"elementor-column-wrap elementor-element-populated\">\n\t\t\t\t\t\t\t<div class=\"elementor-widget-wrap\">\n\t\t\t\t\t\t<div class=\"elementor-element elementor-element-ff32df1 elementor-mobile-align-center elementor-widget elementor-widget-breadcrumbs\" data-id=\"ff32df1\" data-element_type=\"widget\" data-widget_type=\"breadcrumbs.default\">\n\t\t\t\t<div class=\"elementor-widget-container\">\n\t\t\t<p id=\"breadcrumbs\"><span><span><a href=\"https:\/\/circular-food-solutions.com\/de\/startseite\/\">Circular Food Solutions<\/a><\/span><\/span><\/p>\t\t<\/div>\n\t\t\t\t<\/div>\n\t\t\t\t\t\t<\/div>\n\t\t\t\t\t<\/div>\n\t\t<\/div>\n\t\t\t\t<div class=\"elementor-column elementor-col-33 elementor-inner-column elementor-element elementor-element-e39049a elementor-hidden-mobile\" data-id=\"e39049a\" data-element_type=\"column\">\n\t\t\t<div class=\"elementor-column-wrap\">\n\t\t\t\t\t\t\t<div class=\"elementor-widget-wrap\">\n\t\t\t\t\t\t\t\t<\/div>\n\t\t\t\t\t<\/div>\n\t\t<\/div>\n\t\t\t\t<div class=\"elementor-column elementor-col-33 elementor-inner-column elementor-element elementor-element-fb019bc\" data-id=\"fb019bc\" data-element_type=\"column\">\n\t\t\t<div class=\"elementor-column-wrap elementor-element-populated\">\n\t\t\t\t\t\t\t<div class=\"elementor-widget-wrap\">\n\t\t\t\t\t\t<div class=\"elementor-element elementor-element-b3f3695 elementor-icon-list--layout-inline elementor-align-right elementor-widget__width-initial elementor-list-item-link-full_width elementor-widget elementor-widget-icon-list\" data-id=\"b3f3695\" data-element_type=\"widget\" data-widget_type=\"icon-list.default\">\n\t\t\t\t<div class=\"elementor-widget-container\">\n\t\t\t\t\t<ul class=\"elementor-icon-list-items elementor-inline-items\">\n\t\t\t\t\t\t\t<li class=\"elementor-icon-list-item elementor-inline-item\">\n\t\t\t\t\t\t\t\t\t\t<span class=\"elementor-icon-list-text\">TEILEN <\/span>\n\t\t\t\t\t\t\t\t\t<\/li>\n\t\t\t\t\t\t<\/ul>\n\t\t\t\t<\/div>\n\t\t\t\t<\/div>\n\t\t\t\t<div class=\"elementor-element elementor-element-15843cb elementor-share-buttons--view-icon elementor-share-buttons--skin-flat elementor-share-buttons--align-right elementor-share-buttons--color-custom elementor-widget__width-initial elementor-share-buttons--shape-square elementor-grid-0 elementor-widget elementor-widget-share-buttons\" data-id=\"15843cb\" data-element_type=\"widget\" data-widget_type=\"share-buttons.default\">\n\t\t\t\t<div class=\"elementor-widget-container\">\n\t\t\t\t\t<div class=\"elementor-grid\">\n\t\t\t\t\t\t\t\t<div class=\"elementor-grid-item\">\n\t\t\t\t\t\t<div\n\t\t\t\t\t\t\tclass=\"elementor-share-btn elementor-share-btn_facebook\"\n\t\t\t\t\t\t\trole=\"button\"\n\t\t\t\t\t\t\ttabindex=\"0\"\n\t\t\t\t\t\t\taria-label=\"Teilen auf facebook\"\n\t\t\t\t\t\t>\n\t\t\t\t\t\t\t\t\t\t\t\t\t\t\t<span class=\"elementor-share-btn__icon\">\n\t\t\t\t\t\t\t\t<i class=\"fab fa-facebook\" aria-hidden=\"true\"><\/i>\t\t\t\t\t\t\t<\/span>\n\t\t\t\t\t\t\t\t\t\t\t\t\t\t\t\t\t\t\t\t<\/div>\n\t\t\t\t\t<\/div>\n\t\t\t\t\t\t\t\t\t<div class=\"elementor-grid-item\">\n\t\t\t\t\t\t<div\n\t\t\t\t\t\t\tclass=\"elementor-share-btn elementor-share-btn_twitter\"\n\t\t\t\t\t\t\trole=\"button\"\n\t\t\t\t\t\t\ttabindex=\"0\"\n\t\t\t\t\t\t\taria-label=\"Teilen auf twitter\"\n\t\t\t\t\t\t>\n\t\t\t\t\t\t\t\t\t\t\t\t\t\t\t<span class=\"elementor-share-btn__icon\">\n\t\t\t\t\t\t\t\t<i class=\"fab fa-twitter\" aria-hidden=\"true\"><\/i>\t\t\t\t\t\t\t<\/span>\n\t\t\t\t\t\t\t\t\t\t\t\t\t\t\t\t\t\t\t\t<\/div>\n\t\t\t\t\t<\/div>\n\t\t\t\t\t\t\t\t\t<div class=\"elementor-grid-item\">\n\t\t\t\t\t\t<div\n\t\t\t\t\t\t\tclass=\"elementor-share-btn elementor-share-btn_linkedin\"\n\t\t\t\t\t\t\trole=\"button\"\n\t\t\t\t\t\t\ttabindex=\"0\"\n\t\t\t\t\t\t\taria-label=\"Teilen auf linkedin\"\n\t\t\t\t\t\t>\n\t\t\t\t\t\t\t\t\t\t\t\t\t\t\t<span class=\"elementor-share-btn__icon\">\n\t\t\t\t\t\t\t\t<i class=\"fab fa-linkedin\" aria-hidden=\"true\"><\/i>\t\t\t\t\t\t\t<\/span>\n\t\t\t\t\t\t\t\t\t\t\t\t\t\t\t\t\t\t\t\t<\/div>\n\t\t\t\t\t<\/div>\n\t\t\t\t\t\t<\/div>\n\t\t\t\t<\/div>\n\t\t\t\t<\/div>\n\t\t\t\t\t\t<\/div>\n\t\t\t\t\t<\/div>\n\t\t<\/div>\n\t\t\t\t\t\t\t\t<\/div>\n\t\t\t\t\t<\/div>\n\t\t<\/section>\n\t\t\t\t\t\t<\/div>\n\t\t\t\t\t<\/div>\n\t\t<\/div>\n\t\t\t\t\t\t\t\t<\/div>\n\t\t\t\t\t<\/div>\n\t\t<\/section>\n\t\t\t\t<section class=\"elementor-section elementor-top-section elementor-element elementor-element-34a4d17 elementor-section-boxed elementor-section-height-default elementor-section-height-default\" data-id=\"34a4d17\" data-element_type=\"section\" data-settings=\"{&quot;background_background&quot;:&quot;classic&quot;,&quot;background_motion_fx_motion_fx_scrolling&quot;:&quot;yes&quot;,&quot;background_motion_fx_translateX_effect&quot;:&quot;yes&quot;,&quot;background_motion_fx_translateX_direction&quot;:&quot;negative&quot;,&quot;background_motion_fx_translateX_speed&quot;:{&quot;unit&quot;:&quot;px&quot;,&quot;size&quot;:4,&quot;sizes&quot;:[]},&quot;background_motion_fx_translateX_affectedRange&quot;:{&quot;unit&quot;:&quot;%&quot;,&quot;size&quot;:&quot;&quot;,&quot;sizes&quot;:{&quot;start&quot;:0,&quot;end&quot;:100}},&quot;background_motion_fx_devices&quot;:[&quot;desktop&quot;,&quot;tablet&quot;,&quot;mobile&quot;]}\">\n\t\t\t\t\t\t<div class=\"elementor-container elementor-column-gap-default\">\n\t\t\t\t\t\t\t<div class=\"elementor-row\">\n\t\t\t\t\t<div class=\"elementor-column elementor-col-50 elementor-top-column elementor-element elementor-element-851aad0\" data-id=\"851aad0\" data-element_type=\"column\">\n\t\t\t<div class=\"elementor-column-wrap elementor-element-populated\">\n\t\t\t\t\t\t\t<div class=\"elementor-widget-wrap\">\n\t\t\t\t\t\t<div class=\"elementor-element elementor-element-b26fc40 elementor-widget elementor-widget-heading\" data-id=\"b26fc40\" data-element_type=\"widget\" data-widget_type=\"heading.default\">\n\t\t\t\t<div class=\"elementor-widget-container\">\n\t\t\t<h2 class=\"elementor-heading-title elementor-size-default\">Wenn unsere Ressourcen begrenzt werden, ist es an der Zeit, unsere M\u00f6glichkeiten zu entfesseln.<\/h2>\t\t<\/div>\n\t\t\t\t<\/div>\n\t\t\t\t<div class=\"elementor-element elementor-element-ddd862a elementor-widget elementor-widget-heading\" data-id=\"ddd862a\" data-element_type=\"widget\" data-widget_type=\"heading.default\">\n\t\t\t\t<div class=\"elementor-widget-container\">\n\t\t\t<h2 class=\"elementor-heading-title elementor-size-default\">Der Bedarf an Lebensmitteln in der Zukunft ist gr\u00f6\u00dfer denn je. Wie werden wir diese Herausforderung meistern? Wie k\u00f6nnen wir unsere Ressourcen effizienter nutzen als je zuvor? Bei der Herstellung von Lebensmitteln gibt es viele plant-based sogenannte Nebenprodukte, die bisher nicht f\u00fcr die menschliche Ern\u00e4hrung verwendet wurden. Noch nicht. Aber diese Nebenprodukte sind eine reiche Quelle f\u00fcr gute Proteine und wertvolle Ballaststoffe. Deshalb haben wir eine L\u00f6sung entwickelt, die es erm\u00f6glicht, diese Nebenprodukte zu verwerten und in einzigartige plant-based Protein-Alternativen zu verwandeln.       \nSie suchen ein innovatives Produkt, um den Markt f\u00fcr pflanzliche Produkte zu erobern? Dann sichern Sie sich Ihre Lizenz f\u00fcr unsere propriet\u00e4re und IP-gesch\u00fctzte Technologie. Unsere Dienstleistungen umfassen nicht nur unsere End-to-End-Technologiel\u00f6sung und eine breite Palette von Produktrezepten, sondern gew\u00e4hren Ihnen auch Zugang zu unserem F&amp;E-Know-how, Marktkenntnissen und neuen Produktentwicklungen. CFS wird Ihr Partner w\u00e4hrend der gesamten Produktlebensdauer sein.    <\/h2>\t\t<\/div>\n\t\t\t\t<\/div>\n\t\t\t\t<div class=\"elementor-element elementor-element-d49ae1a elementor-widget elementor-widget-button\" data-id=\"d49ae1a\" data-element_type=\"widget\" data-widget_type=\"button.default\">\n\t\t\t\t<div class=\"elementor-widget-container\">\n\t\t\t\t\t<div class=\"elementor-button-wrapper\">\n\t\t\t<a class=\"elementor-button elementor-button-link elementor-size-md\" href=\"https:\/\/circular-food-solutions.com\/de\/kontakt\/\">\n\t\t\t\t\t\t<span class=\"elementor-button-content-wrapper\">\n\t\t\t\t\t\t<span class=\"elementor-button-text\">KONTAKTIEREN SIE UNS<\/span>\n\t\t<\/span>\n\t\t\t\t\t<\/a>\n\t\t<\/div>\n\t\t\t\t<\/div>\n\t\t\t\t<\/div>\n\t\t\t\t\t\t<\/div>\n\t\t\t\t\t<\/div>\n\t\t<\/div>\n\t\t\t\t<div class=\"elementor-column elementor-col-50 elementor-top-column elementor-element elementor-element-c777cf2\" data-id=\"c777cf2\" data-element_type=\"column\" data-settings=\"{&quot;background_background&quot;:&quot;classic&quot;}\">\n\t\t\t<div class=\"elementor-column-wrap elementor-element-populated\">\n\t\t\t\t\t<div class=\"elementor-background-overlay\"><\/div>\n\t\t\t\t\t\t\t<div class=\"elementor-widget-wrap\">\n\t\t\t\t\t\t<div class=\"elementor-element elementor-element-f64c9ef elementor-widget elementor-widget-image\" data-id=\"f64c9ef\" data-element_type=\"widget\" data-widget_type=\"image.default\">\n\t\t\t\t<div class=\"elementor-widget-container\">\n\t\t\t\t\t\t\t\t<div class=\"elementor-image\">\n\t\t\t\t\t\t\t\t\t\t\t\t<img loading=\"lazy\" decoding=\"async\" width=\"800\" height=\"800\" src=\"https:\/\/circular-food-solutions.com\/wp-content\/uploads\/2022\/03\/Beer_Fabrik-1-1-1024x1024.png\" class=\"attachment-large size-large wp-image-3560\" alt=\"\" srcset=\"https:\/\/circular-food-solutions.com\/wp-content\/uploads\/2022\/03\/Beer_Fabrik-1-1-1024x1024.png 1024w, https:\/\/circular-food-solutions.com\/wp-content\/uploads\/2022\/03\/Beer_Fabrik-1-1-300x300.png 300w, https:\/\/circular-food-solutions.com\/wp-content\/uploads\/2022\/03\/Beer_Fabrik-1-1-150x150.png 150w, https:\/\/circular-food-solutions.com\/wp-content\/uploads\/2022\/03\/Beer_Fabrik-1-1-768x768.png 768w, https:\/\/circular-food-solutions.com\/wp-content\/uploads\/2022\/03\/Beer_Fabrik-1-1-1536x1536.png 1536w, https:\/\/circular-food-solutions.com\/wp-content\/uploads\/2022\/03\/Beer_Fabrik-1-1-2048x2048.png 2048w, https:\/\/circular-food-solutions.com\/wp-content\/uploads\/2022\/03\/Beer_Fabrik-1-1-12x12.png 12w\" sizes=\"(max-width: 800px) 100vw, 800px\" \/>\t\t\t\t\t\t\t\t\t\t\t\t\t\t<\/div>\n\t\t\t\t\t\t<\/div>\n\t\t\t\t<\/div>\n\t\t\t\t\t\t<\/div>\n\t\t\t\t\t<\/div>\n\t\t<\/div>\n\t\t\t\t\t\t\t\t<\/div>\n\t\t\t\t\t<\/div>\n\t\t<\/section>\n\t\t\t\t\t\t\t\t\t<\/div>\n\t\t\t<\/div>\n\t\t\t\t\t<\/div>\n\t\t","protected":false},"excerpt":{"rendered":"<p>Kreislaufansatz Sichern Sie sich Ihren Anteil am Markt f\u00fcr plant-based Proteine TEILEN Wenn unsere Ressourcen begrenzt werden, ist es an der Zeit, unsere M\u00f6glichkeiten zu entfesseln. Der Bedarf an Lebensmitteln in der Zukunft ist gr\u00f6\u00dfer denn je. Wie werden wir diese Herausforderung meistern? Wie k\u00f6nnen wir unsere Ressourcen effizienter nutzen als je zuvor? Bei der [&hellip;]<\/p>\n","protected":false},"author":1,"featured_media":0,"parent":0,"menu_order":0,"comment_status":"closed","ping_status":"closed","template":"","meta":{"footnotes":""},"class_list":["post-3556","page","type-page","status-publish","hentry"],"yoast_head":"<!-- This site is optimized with the Yoast SEO plugin v20.10 - https:\/\/yoast.com\/wordpress\/plugins\/seo\/ -->\n<title>Kreislaufansatz - Circular Food Solutions<\/title>\n<meta name=\"robots\" content=\"index, follow, max-snippet:-1, max-image-preview:large, max-video-preview:-1\" \/>\n<link rel=\"canonical\" href=\"https:\/\/circular-food-solutions.com\/de\/kreislaufansatz\/\" \/>\n<meta property=\"og:locale\" content=\"de_DE\" \/>\n<meta property=\"og:type\" content=\"article\" \/>\n<meta property=\"og:title\" content=\"Kreislaufansatz - Circular Food Solutions\" \/>\n<meta property=\"og:description\" content=\"Kreislaufansatz Sichern Sie sich Ihren Anteil am Markt f\u00fcr plant-based Proteine TEILEN Wenn unsere Ressourcen begrenzt werden, ist es an der Zeit, unsere M\u00f6glichkeiten zu entfesseln. Der Bedarf an Lebensmitteln in der Zukunft ist gr\u00f6\u00dfer denn je. Wie werden wir diese Herausforderung meistern? Wie k\u00f6nnen wir unsere Ressourcen effizienter nutzen als je zuvor? Bei der [&hellip;]\" \/>\n<meta property=\"og:url\" content=\"https:\/\/circular-food-solutions.com\/de\/kreislaufansatz\/\" \/>\n<meta property=\"og:site_name\" content=\"Circular Food Solutions\" \/>\n<meta property=\"article:modified_time\" content=\"2026-02-09T15:05:02+00:00\" \/>\n<meta property=\"og:image\" content=\"https:\/\/circular-food-solutions.com\/wp-content\/uploads\/2022\/03\/Beer_Fabrik-1-1-1024x1024.png\" \/>\n<meta name=\"twitter:card\" content=\"summary_large_image\" \/>\n<meta name=\"twitter:label1\" content=\"Gesch\u00e4tzte Lesezeit\" \/>\n\t<meta name=\"twitter:data1\" content=\"1\u00a0Minute\" \/>\n<script type=\"application\/ld+json\" class=\"yoast-schema-graph\">{\"@context\":\"https:\/\/schema.org\",\"@graph\":[{\"@type\":\"WebPage\",\"@id\":\"https:\/\/circular-food-solutions.com\/de\/kreislaufansatz\/\",\"url\":\"https:\/\/circular-food-solutions.com\/de\/kreislaufansatz\/\",\"name\":\"Kreislaufansatz - Circular Food Solutions\",\"isPartOf\":{\"@id\":\"https:\/\/circular-food-solutions.com\/de\/#website\"},\"datePublished\":\"2022-02-24T04:32:38+00:00\",\"dateModified\":\"2026-02-09T15:05:02+00:00\",\"breadcrumb\":{\"@id\":\"https:\/\/circular-food-solutions.com\/de\/kreislaufansatz\/#breadcrumb\"},\"inLanguage\":\"de\",\"potentialAction\":[{\"@type\":\"ReadAction\",\"target\":[\"https:\/\/circular-food-solutions.com\/de\/kreislaufansatz\/\"]}]},{\"@type\":\"BreadcrumbList\",\"@id\":\"https:\/\/circular-food-solutions.com\/de\/kreislaufansatz\/#breadcrumb\",\"itemListElement\":[{\"@type\":\"ListItem\",\"position\":1,\"name\":\"Circular Food Solutions\",\"item\":\"https:\/\/circular-food-solutions.com\/de\/startseite\/\"},{\"@type\":\"ListItem\",\"position\":2,\"name\":\"Kreislaufansatz\"}]},{\"@type\":\"WebSite\",\"@id\":\"https:\/\/circular-food-solutions.com\/de\/#website\",\"url\":\"https:\/\/circular-food-solutions.com\/de\/\",\"name\":\"Circular Food Solutions\",\"description\":\"Healthy food and a healthy planet\",\"potentialAction\":[{\"@type\":\"SearchAction\",\"target\":{\"@type\":\"EntryPoint\",\"urlTemplate\":\"https:\/\/circular-food-solutions.com\/de\/?s={search_term_string}\"},\"query-input\":\"required name=search_term_string\"}],\"inLanguage\":\"de\"}]}<\/script>\n<!-- \/ Yoast SEO plugin. -->","yoast_head_json":{"title":"Kreislaufansatz - Circular Food Solutions","robots":{"index":"index","follow":"follow","max-snippet":"max-snippet:-1","max-image-preview":"max-image-preview:large","max-video-preview":"max-video-preview:-1"},"canonical":"https:\/\/circular-food-solutions.com\/de\/kreislaufansatz\/","og_locale":"de_DE","og_type":"article","og_title":"Kreislaufansatz - Circular Food Solutions","og_description":"Kreislaufansatz Sichern Sie sich Ihren Anteil am Markt f\u00fcr plant-based Proteine TEILEN Wenn unsere Ressourcen begrenzt werden, ist es an der Zeit, unsere M\u00f6glichkeiten zu entfesseln. Der Bedarf an Lebensmitteln in der Zukunft ist gr\u00f6\u00dfer denn je. Wie werden wir diese Herausforderung meistern? Wie k\u00f6nnen wir unsere Ressourcen effizienter nutzen als je zuvor? Bei der [&hellip;]","og_url":"https:\/\/circular-food-solutions.com\/de\/kreislaufansatz\/","og_site_name":"Circular Food Solutions","article_modified_time":"2026-02-09T15:05:02+00:00","og_image":[{"url":"https:\/\/circular-food-solutions.com\/wp-content\/uploads\/2022\/03\/Beer_Fabrik-1-1-1024x1024.png"}],"twitter_card":"summary_large_image","twitter_misc":{"Gesch\u00e4tzte Lesezeit":"1\u00a0Minute"},"schema":{"@context":"https:\/\/schema.org","@graph":[{"@type":"WebPage","@id":"https:\/\/circular-food-solutions.com\/de\/kreislaufansatz\/","url":"https:\/\/circular-food-solutions.com\/de\/kreislaufansatz\/","name":"Kreislaufansatz - Circular Food Solutions","isPartOf":{"@id":"https:\/\/circular-food-solutions.com\/de\/#website"},"datePublished":"2022-02-24T04:32:38+00:00","dateModified":"2026-02-09T15:05:02+00:00","breadcrumb":{"@id":"https:\/\/circular-food-solutions.com\/de\/kreislaufansatz\/#breadcrumb"},"inLanguage":"de","potentialAction":[{"@type":"ReadAction","target":["https:\/\/circular-food-solutions.com\/de\/kreislaufansatz\/"]}]},{"@type":"BreadcrumbList","@id":"https:\/\/circular-food-solutions.com\/de\/kreislaufansatz\/#breadcrumb","itemListElement":[{"@type":"ListItem","position":1,"name":"Circular Food Solutions","item":"https:\/\/circular-food-solutions.com\/de\/startseite\/"},{"@type":"ListItem","position":2,"name":"Kreislaufansatz"}]},{"@type":"WebSite","@id":"https:\/\/circular-food-solutions.com\/de\/#website","url":"https:\/\/circular-food-solutions.com\/de\/","name":"Circular Food Solutions","description":"Healthy food and a healthy planet","potentialAction":[{"@type":"SearchAction","target":{"@type":"EntryPoint","urlTemplate":"https:\/\/circular-food-solutions.com\/de\/?s={search_term_string}"},"query-input":"required name=search_term_string"}],"inLanguage":"de"}]}},"_links":{"self":[{"href":"https:\/\/circular-food-solutions.com\/de\/wp-json\/wp\/v2\/pages\/3556"}],"collection":[{"href":"https:\/\/circular-food-solutions.com\/de\/wp-json\/wp\/v2\/pages"}],"about":[{"href":"https:\/\/circular-food-solutions.com\/de\/wp-json\/wp\/v2\/types\/page"}],"author":[{"embeddable":true,"href":"https:\/\/circular-food-solutions.com\/de\/wp-json\/wp\/v2\/users\/1"}],"replies":[{"embeddable":true,"href":"https:\/\/circular-food-solutions.com\/de\/wp-json\/wp\/v2\/comments?post=3556"}],"version-history":[{"count":3,"href":"https:\/\/circular-food-solutions.com\/de\/wp-json\/wp\/v2\/pages\/3556\/revisions"}],"predecessor-version":[{"id":3573,"href":"https:\/\/circular-food-solutions.com\/de\/wp-json\/wp\/v2\/pages\/3556\/revisions\/3573"}],"wp:attachment":[{"href":"https:\/\/circular-food-solutions.com\/de\/wp-json\/wp\/v2\/media?parent=3556"}],"curies":[{"name":"wp","href":"https:\/\/api.w.org\/{rel}","templated":true}]}}